{"id":2669,"date":"2026-03-02T09:21:45","date_gmt":"2026-03-02T09:21:45","guid":{"rendered":"https:\/\/roirekrytering.stagingidentitet.se\/?page_id=2669"},"modified":"2026-05-10T13:14:08","modified_gmt":"2026-05-10T13:14:08","slug":"hrforum","status":"publish","type":"page","link":"https:\/\/roirekrytering.se\/en\/hrforum\/","title":{"rendered":"HR Forum"},"content":{"rendered":"\t\t<div data-elementor-type=\"wp-page\" data-elementor-id=\"2669\" class=\"elementor elementor-2669\" data-elementor-post-type=\"page\">\n\t\t\t\t<div class=\"has_eae_slider elementor-element elementor-element-b322279 e-flex e-con-boxed e-con e-parent\" data-id=\"b322279\" data-element_type=\"container\" data-settings=\"{&quot;background_background&quot;:&quot;classic&quot;,&quot;shape_divider_bottom&quot;:&quot;waves&quot;,&quot;shape_divider_bottom_negative&quot;:&quot;yes&quot;}\">\n\t\t\t\t\t<div class=\"e-con-inner\">\n\t\t\t\t<div class=\"elementor-shape elementor-shape-bottom\" data-negative=\"true\">\n\t\t\t<svg xmlns=\"http:\/\/www.w3.org\/2000\/svg\" viewBox=\"0 0 1000 100\" preserveAspectRatio=\"none\">\n\t<path class=\"elementor-shape-fill\" d=\"M790.5,93.1c-59.3-5.3-116.8-18-192.6-50c-29.6-12.7-76.9-31-100.5-35.9c-23.6-4.9-52.6-7.8-75.5-5.3\n\tc-10.2,1.1-22.6,1.4-50.1,7.4c-27.2,6.3-58.2,16.6-79.4,24.7c-41.3,15.9-94.9,21.9-134,22.6C72,58.2,0,25.8,0,25.8V100h1000V65.3\n\tc0,0-51.5,19.4-106.2,25.7C839.5,97,814.1,95.2,790.5,93.1z\"\/>\n<\/svg>\t\t<\/div>\n\t\t<div class=\"has_eae_slider elementor-element elementor-element-b5bdd6c e-flex e-con-boxed e-con e-child\" data-id=\"b5bdd6c\" data-element_type=\"container\">\n\t\t\t\t\t<div class=\"e-con-inner\">\n\t\t\t\t<div class=\"elementor-element elementor-element-aec8dc9 elementor-widget elementor-widget-image\" data-id=\"aec8dc9\" data-element_type=\"widget\" data-widget_type=\"image.default\">\n\t\t\t\t<div class=\"elementor-widget-container\">\n\t\t\t\t\t\t\t\t\t\t\t\t\t\t\t<img fetchpriority=\"high\" decoding=\"async\" width=\"800\" height=\"800\" src=\"https:\/\/roirekrytering.se\/wp-content\/uploads\/2024\/06\/F-O-R-U-M-2.png\" class=\"attachment-large size-large wp-image-793\" alt=\"\" srcset=\"https:\/\/roirekrytering.se\/wp-content\/uploads\/2024\/06\/F-O-R-U-M-2.png 938w, https:\/\/roirekrytering.se\/wp-content\/uploads\/2024\/06\/F-O-R-U-M-2-300x300.png 300w, https:\/\/roirekrytering.se\/wp-content\/uploads\/2024\/06\/F-O-R-U-M-2-150x150.png 150w, https:\/\/roirekrytering.se\/wp-content\/uploads\/2024\/06\/F-O-R-U-M-2-768x768.png 768w\" sizes=\"(max-width: 800px) 100vw, 800px\" \/>\t\t\t\t\t\t\t\t\t\t\t\t\t\t\t<\/div>\n\t\t\t\t<\/div>\n\t\t\t\t\t<\/div>\n\t\t\t\t<\/div>\n\t\t<div class=\"has_eae_slider elementor-element elementor-element-077afe5 e-flex e-con-boxed e-con e-child\" data-id=\"077afe5\" data-element_type=\"container\">\n\t\t\t\t\t<div class=\"e-con-inner\">\n\t\t\t\t<div class=\"elementor-element elementor-element-699f52d elementor-widget elementor-widget-heading\" data-id=\"699f52d\" data-element_type=\"widget\" data-widget_type=\"heading.default\">\n\t\t\t\t<div class=\"elementor-widget-container\">\n\t\t\t\t\t<h1 class=\"elementor-heading-title elementor-size-default\">Johan Book - Fr\u00e5n strategiskt beslut till uppn\u00e5dd effekt -  fr\u00e5n snack till verkstad!<\/h1>\t\t\t\t<\/div>\n\t\t\t\t<\/div>\n\t\t\t\t\t<\/div>\n\t\t\t\t<\/div>\n\t\t\t\t\t<\/div>\n\t\t\t\t<\/div>\n\t\t<div class=\"has_eae_slider elementor-element elementor-element-88acd18 e-flex e-con-boxed e-con e-parent\" data-id=\"88acd18\" data-element_type=\"container\">\n\t\t\t\t\t<div class=\"e-con-inner\">\n\t\t\t\t<div class=\"elementor-element elementor-element-68426dc elementor-widget elementor-widget-heading\" data-id=\"68426dc\" data-element_type=\"widget\" data-widget_type=\"heading.default\">\n\t\t\t\t<div class=\"elementor-widget-container\">\n\t\t\t\t\t<h3 class=\"elementor-heading-title elementor-size-default\">V\u00e4lkommen till MJ\u2019s den 1:a oktober - s\u00e4kra din plats redan idag!<\/h3>\t\t\t\t<\/div>\n\t\t\t\t<\/div>\n\t\t\t\t<div class=\"elementor-element elementor-element-3d8f52a elementor-widget elementor-widget-text-editor\" data-id=\"3d8f52a\" data-element_type=\"widget\" data-widget_type=\"text-editor.default\">\n\t\t\t\t<div class=\"elementor-widget-container\">\n\t\t\t\t\t\t\t\t\t<p>N\u00e4r tempot i omv\u00e4rlden \u00f6kar och kraven skiftar snabbare \u00e4n n\u00e5gonsin r\u00e4cker det inte l\u00e4ngre med v\u00e4lformulerade strategier \u2013 det \u00e4r f\u00f6rm\u00e5gan att oms\u00e4tta dem i verklig handling som avg\u00f6r vilka organisationer som lyckas.<\/p><p data-start=\"218\" data-end=\"450\">H\u00f6stens f\u00f6rsta HRForum kickstartas med <a style=\"background-color: #ffffff;\" href=\"https:\/\/hejengagemang.se\/medarbetare\/johanbook\/\">Johan Book<\/a>\u00a0&#8211;\u00a0<a style=\"background-color: #ffffff;\" href=\"https:\/\/hejengagemang.se\/\">HejEngagemang<\/a>, d\u00e4r fokus ligger p\u00e5 det som verkligen g\u00f6r skillnad: att g\u00e5 fr\u00e5n beslut till uppn\u00e5dd effekt \u2013 fr\u00e5n snack till verkstad.<\/p><p data-start=\"452\" data-end=\"662\">Hur skapar vi f\u00f6ruts\u00e4ttningar f\u00f6r verklig f\u00f6r\u00e4ndring i en vardag pr\u00e4glad av kompetensutmaningar, \u00f6kad konkurrens och en snabbr\u00f6rlig omv\u00e4rld? Vad kr\u00e4vs f\u00f6r att inte bara vilja f\u00f6r\u00e4ndras \u2013 utan faktiskt g\u00f6ra det?<\/p><p data-start=\"664\" data-end=\"819\" data-is-last-node=\"\" data-is-only-node=\"\">Under tr\u00e4ffen f\u00e5r du insikter i vad som driver framg\u00e5ng, och vilka fallgropar som st\u00e5r i v\u00e4gen f\u00f6r att bli en mer snabbr\u00f6rlig och f\u00f6r\u00e4nderlig organisation.<\/p><p>Som alltid kombinerar vi aktuell kunskap med m\u00f6jlighet till dialog, erfarenhetsutbyte och n\u00e4tverkande med andra HR-kollegor.<\/p>\t\t\t\t\t\t\t\t<\/div>\n\t\t\t\t<\/div>\n\t\t\t\t\t<\/div>\n\t\t\t\t<\/div>\n\t\t<div class=\"has_eae_slider elementor-element elementor-element-0645716 e-flex e-con-boxed e-con e-parent\" data-id=\"0645716\" data-element_type=\"container\" data-settings=\"{&quot;background_background&quot;:&quot;classic&quot;}\">\n\t\t\t\t\t<div class=\"e-con-inner\">\n\t\t<div class=\"has_eae_slider elementor-element elementor-element-da3cfa6 e-con-full e-flex e-con e-child\" data-id=\"da3cfa6\" data-element_type=\"container\">\n\t\t\t\t<div class=\"elementor-element elementor-element-260379d elementor-widget elementor-widget-image\" data-id=\"260379d\" data-element_type=\"widget\" data-widget_type=\"image.default\">\n\t\t\t\t<div class=\"elementor-widget-container\">\n\t\t\t\t\t\t\t\t\t\t\t\t\t\t\t<img decoding=\"async\" width=\"910\" height=\"1365\" src=\"https:\/\/roirekrytering.se\/wp-content\/uploads\/2026\/05\/HejEngagemang-PhotoJeanLapin-D1-169.png\" class=\"attachment-full size-full wp-image-2937\" alt=\"\" srcset=\"https:\/\/roirekrytering.se\/wp-content\/uploads\/2026\/05\/HejEngagemang-PhotoJeanLapin-D1-169.png 910w, https:\/\/roirekrytering.se\/wp-content\/uploads\/2026\/05\/HejEngagemang-PhotoJeanLapin-D1-169-200x300.png 200w, https:\/\/roirekrytering.se\/wp-content\/uploads\/2026\/05\/HejEngagemang-PhotoJeanLapin-D1-169-683x1024.png 683w, https:\/\/roirekrytering.se\/wp-content\/uploads\/2026\/05\/HejEngagemang-PhotoJeanLapin-D1-169-768x1152.png 768w, https:\/\/roirekrytering.se\/wp-content\/uploads\/2026\/05\/HejEngagemang-PhotoJeanLapin-D1-169-8x12.png 8w\" sizes=\"(max-width: 910px) 100vw, 910px\" \/>\t\t\t\t\t\t\t\t\t\t\t\t\t\t\t<\/div>\n\t\t\t\t<\/div>\n\t\t\t\t<\/div>\n\t\t<div class=\"has_eae_slider elementor-element elementor-element-3193e19 e-con-full e-flex e-con e-child\" data-id=\"3193e19\" data-element_type=\"container\">\n\t\t\t\t<div class=\"elementor-element elementor-element-8535186 elementor-widget elementor-widget-heading\" data-id=\"8535186\" data-element_type=\"widget\" data-widget_type=\"heading.default\">\n\t\t\t\t<div class=\"elementor-widget-container\">\n\t\t\t\t\t<h4 class=\"elementor-heading-title elementor-size-default\">G\u00e4stf\u00f6rel\u00e4sare<\/h4>\t\t\t\t<\/div>\n\t\t\t\t<\/div>\n\t\t\t\t<div class=\"elementor-element elementor-element-9578fca elementor-widget elementor-widget-text-editor\" data-id=\"9578fca\" data-element_type=\"widget\" data-widget_type=\"text-editor.default\">\n\t\t\t\t<div class=\"elementor-widget-container\">\n\t\t\t\t\t\t\t\t\t<p data-start=\"105\" data-end=\"144\"><strong data-start=\"105\" data-end=\"144\">Johan Book, HejEngagemang<\/strong><\/p><p data-start=\"146\" data-end=\"413\">Vi har n\u00f6jet att \u00e5terigen v\u00e4lkomna Johan Book till HRFORUM.<\/p><p>Johan Book fr\u00e5n HejEngagemang! tar oss med p\u00e5 en forskningsbaserad resa, d\u00e4r vi l\u00e4r oss mer om v\u00e5ra beteenden, varf\u00f6r vi g\u00f6r som vi g\u00f6r och vad som kr\u00e4vs f\u00f6r att vi ska g\u00f6ra annorlunda. B\u00e5de det individuella och organisatoriska perspektivet behandlas och du g\u00e5r d\u00e4rifr\u00e5n med en \u00f6kad kunskap kring vad effektfull f\u00f6r\u00e4ndringsledning inneb\u00e4r i praktiken och vilka krav det st\u00e4ller p\u00e5 b\u00e5de ledar- och medarbetarskap.<\/p><p class=\"body-xl mb-6\">Johan har \u00e4gnat de senaste tjugo \u00e5ren \u00e5t internkommunikation, strategigenomf\u00f6randen och ledarskapsutveckling.<\/p><p class=\"body-lg\">Han \u00e4r fullkomligt galen i arbetspsykologiforskning och anser att vi m\u00e5ste bli mycket b\u00e4ttre p\u00e5 att applicera den massiva kunskap vi har om v\u00e5ra m\u00e4nskliga drivkrafter i arbetslivet. Johan har valt att arbeta i gr\u00e4nssnittet chef\/medarbetare och att f\u00f6rvandla chefer till superhj\u00e4ltar som sprider engagemang och goda prestationer kring sig. Han \u00e4r en flitigt anlitad utbildare och f\u00f6rel\u00e4sare.<\/p>\t\t\t\t\t\t\t\t<\/div>\n\t\t\t\t<\/div>\n\t\t\t\t<\/div>\n\t\t\t\t\t<\/div>\n\t\t\t\t<\/div>\n\t\t<div class=\"has_eae_slider elementor-element elementor-element-69ba469 e-flex e-con-boxed e-con e-parent\" data-id=\"69ba469\" data-element_type=\"container\">\n\t\t\t\t\t<div class=\"e-con-inner\">\n\t\t\t\t<div class=\"elementor-element elementor-element-836f3fc elementor-widget elementor-widget-html\" data-id=\"836f3fc\" data-element_type=\"widget\" data-widget_type=\"html.default\">\n\t\t\t\t<div class=\"elementor-widget-container\">\n\t\t\t\t\t<script>\r\ndocument.addEventListener('DOMContentLoaded', function() {\r\n    var list = document.getElementById('event_info_list');\r\n    var button = document.getElementById('signup_button');\r\n    \r\n    if (list && button) {\r\n        button.addEventListener('click', function() {\r\n            var items = list.querySelectorAll('.elementor-icon-list-item');\r\n\r\n            \/\/ H\u00e4mta info\r\n            var date = items[0].innerText.replace('Datum: ', '').trim();\r\n            var time = items[1].innerText.replace('Tid: ', '').trim();\r\n            var place = items[2].innerText.replace('Plats: ', '').trim();\r\n            \r\n            var linkTag = items[2].querySelector('a');\r\n            var mapLink = linkTag ? linkTag.getAttribute('href') : \"\";\r\n\r\n            \/\/ Spara i minnet (Session)\r\n            sessionStorage.setItem('ev_date', date);\r\n            sessionStorage.setItem('ev_time', time);\r\n            sessionStorage.setItem('ev_place', place);\r\n            sessionStorage.setItem('ev_map', mapLink);\r\n        });\r\n    }\r\n});\r\n<\/script>\t\t\t\t<\/div>\n\t\t\t\t<\/div>\n\t\t\t\t<div class=\"elementor-element elementor-element-407ac5ac elementor-widget elementor-widget-heading\" data-id=\"407ac5ac\" data-element_type=\"widget\" data-widget_type=\"heading.default\">\n\t\t\t\t<div class=\"elementor-widget-container\">\n\t\t\t\t\t<h2 class=\"elementor-heading-title elementor-size-default\">Information<\/h2>\t\t\t\t<\/div>\n\t\t\t\t<\/div>\n\t\t\t\t\t<\/div>\n\t\t\t\t<\/div>\n\t\t<div class=\"has_eae_slider elementor-element elementor-element-8aded7a e-con-full e-flex e-con e-parent\" data-id=\"8aded7a\" data-element_type=\"container\" id=\"anmalan\">\n\t\t<div class=\"has_eae_slider elementor-element elementor-element-873437f e-con-full e-flex e-con e-child\" data-id=\"873437f\" data-element_type=\"container\">\n\t\t<div class=\"has_eae_slider elementor-element elementor-element-eff6188 e-con-full e-flex e-con e-child\" data-id=\"eff6188\" data-element_type=\"container\">\n\t\t\t\t<div class=\"elementor-element elementor-element-8eab9d8 elementor-icon-list--layout-traditional elementor-list-item-link-full_width elementor-widget elementor-widget-icon-list\" data-id=\"8eab9d8\" data-element_type=\"widget\" id=\"event_info_list\" data-widget_type=\"icon-list.default\">\n\t\t\t\t<div class=\"elementor-widget-container\">\n\t\t\t\t\t\t\t<ul class=\"elementor-icon-list-items\">\n\t\t\t\t\t\t\t<li class=\"elementor-icon-list-item\">\n\t\t\t\t\t\t\t\t\t\t\t<span class=\"elementor-icon-list-icon\">\n\t\t\t\t\t\t\t<svg aria-hidden=\"true\" class=\"e-font-icon-svg e-far-calendar-alt\" viewBox=\"0 0 448 512\" xmlns=\"http:\/\/www.w3.org\/2000\/svg\"><path d=\"M148 288h-40c-6.6 0-12-5.4-12-12v-40c0-6.6 5.4-12 12-12h40c6.6 0 12 5.4 12 12v40c0 6.6-5.4 12-12 12zm108-12v-40c0-6.6-5.4-12-12-12h-40c-6.6 0-12 5.4-12 12v40c0 6.6 5.4 12 12 12h40c6.6 0 12-5.4 12-12zm96 0v-40c0-6.6-5.4-12-12-12h-40c-6.6 0-12 5.4-12 12v40c0 6.6 5.4 12 12 12h40c6.6 0 12-5.4 12-12zm-96 96v-40c0-6.6-5.4-12-12-12h-40c-6.6 0-12 5.4-12 12v40c0 6.6 5.4 12 12 12h40c6.6 0 12-5.4 12-12zm-96 0v-40c0-6.6-5.4-12-12-12h-40c-6.6 0-12 5.4-12 12v40c0 6.6 5.4 12 12 12h40c6.6 0 12-5.4 12-12zm192 0v-40c0-6.6-5.4-12-12-12h-40c-6.6 0-12 5.4-12 12v40c0 6.6 5.4 12 12 12h40c6.6 0 12-5.4 12-12zm96-260v352c0 26.5-21.5 48-48 48H48c-26.5 0-48-21.5-48-48V112c0-26.5 21.5-48 48-48h48V12c0-6.6 5.4-12 12-12h40c6.6 0 12 5.4 12 12v52h128V12c0-6.6 5.4-12 12-12h40c6.6 0 12 5.4 12 12v52h48c26.5 0 48 21.5 48 48zm-48 346V160H48v298c0 3.3 2.7 6 6 6h340c3.3 0 6-2.7 6-6z\"><\/path><\/svg>\t\t\t\t\t\t<\/span>\n\t\t\t\t\t\t\t\t\t\t<span class=\"elementor-icon-list-text\"><strong>Datum: torsdagen den 1:a okt<\/strong><\/span>\n\t\t\t\t\t\t\t\t\t<\/li>\n\t\t\t\t\t\t\t\t<li class=\"elementor-icon-list-item\">\n\t\t\t\t\t\t\t\t\t\t\t<span class=\"elementor-icon-list-icon\">\n\t\t\t\t\t\t\t<svg aria-hidden=\"true\" class=\"e-font-icon-svg e-fas-clock\" viewBox=\"0 0 512 512\" xmlns=\"http:\/\/www.w3.org\/2000\/svg\"><path d=\"M256,8C119,8,8,119,8,256S119,504,256,504,504,393,504,256,393,8,256,8Zm92.49,313h0l-20,25a16,16,0,0,1-22.49,2.5h0l-67-49.72a40,40,0,0,1-15-31.23V112a16,16,0,0,1,16-16h32a16,16,0,0,1,16,16V256l58,42.5A16,16,0,0,1,348.49,321Z\"><\/path><\/svg>\t\t\t\t\t\t<\/span>\n\t\t\t\t\t\t\t\t\t\t<span class=\"elementor-icon-list-text\"><strong>Tid: 11:00 \u2013 13:30<\/strong> <br \/> <span style=\"color: #77747A;\">(Kom i tid f\u00f6r att inte missa minglet)<\/span><\/span>\n\t\t\t\t\t\t\t\t\t<\/li>\n\t\t\t\t\t\t\t\t<li class=\"elementor-icon-list-item\">\n\t\t\t\t\t\t\t\t\t\t\t<a href=\"https:\/\/maps.app.goo.gl\/V1TvNL6oZq9aeMJPA\">\n\n\t\t\t\t\t\t\t\t\t\t\t\t<span class=\"elementor-icon-list-icon\">\n\t\t\t\t\t\t\t<svg aria-hidden=\"true\" class=\"e-font-icon-svg e-fas-map-pin\" viewBox=\"0 0 288 512\" xmlns=\"http:\/\/www.w3.org\/2000\/svg\"><path d=\"M112 316.94v156.69l22.02 33.02c4.75 7.12 15.22 7.12 19.97 0L176 473.63V316.94c-10.39 1.92-21.06 3.06-32 3.06s-21.61-1.14-32-3.06zM144 0C64.47 0 0 64.47 0 144s64.47 144 144 144 144-64.47 144-144S223.53 0 144 0zm0 76c-37.5 0-68 30.5-68 68 0 6.62-5.38 12-12 12s-12-5.38-12-12c0-50.73 41.28-92 92-92 6.62 0 12 5.38 12 12s-5.38 12-12 12z\"><\/path><\/svg>\t\t\t\t\t\t<\/span>\n\t\t\t\t\t\t\t\t\t\t<span class=\"elementor-icon-list-text\"><strong>Plats: MJ\u2019s, Malm\u00f6<\/strong><\/span>\n\t\t\t\t\t\t\t\t\t\t\t<\/a>\n\t\t\t\t\t\t\t\t\t<\/li>\n\t\t\t\t\t\t\t\t<li class=\"elementor-icon-list-item\">\n\t\t\t\t\t\t\t\t\t\t\t<span class=\"elementor-icon-list-icon\">\n\t\t\t\t\t\t\t<svg aria-hidden=\"true\" class=\"e-font-icon-svg e-fas-envelope-open-text\" viewBox=\"0 0 512 512\" xmlns=\"http:\/\/www.w3.org\/2000\/svg\"><path d=\"M176 216h160c8.84 0 16-7.16 16-16v-16c0-8.84-7.16-16-16-16H176c-8.84 0-16 7.16-16 16v16c0 8.84 7.16 16 16 16zm-16 80c0 8.84 7.16 16 16 16h160c8.84 0 16-7.16 16-16v-16c0-8.84-7.16-16-16-16H176c-8.84 0-16 7.16-16 16v16zm96 121.13c-16.42 0-32.84-5.06-46.86-15.19L0 250.86V464c0 26.51 21.49 48 48 48h416c26.51 0 48-21.49 48-48V250.86L302.86 401.94c-14.02 10.12-30.44 15.19-46.86 15.19zm237.61-254.18c-8.85-6.94-17.24-13.47-29.61-22.81V96c0-26.51-21.49-48-48-48h-77.55c-3.04-2.2-5.87-4.26-9.04-6.56C312.6 29.17 279.2-.35 256 0c-23.2-.35-56.59 29.17-73.41 41.44-3.17 2.3-6 4.36-9.04 6.56H96c-26.51 0-48 21.49-48 48v44.14c-12.37 9.33-20.76 15.87-29.61 22.81A47.995 47.995 0 0 0 0 200.72v10.65l96 69.35V96h320v184.72l96-69.35v-10.65c0-14.74-6.78-28.67-18.39-37.77z\"><\/path><\/svg>\t\t\t\t\t\t<\/span>\n\t\t\t\t\t\t\t\t\t\t<span class=\"elementor-icon-list-text\"><strong>O.S.A: Senast 25 sep (begr\u00e4nsat antal platser)<\/strong><\/span>\n\t\t\t\t\t\t\t\t\t<\/li>\n\t\t\t\t\t\t<\/ul>\n\t\t\t\t\t\t<\/div>\n\t\t\t\t<\/div>\n\t\t\t\t<div class=\"elementor-element elementor-element-d9ea6bf elementor-widget elementor-widget-image\" data-id=\"d9ea6bf\" data-element_type=\"widget\" data-widget_type=\"image.default\">\n\t\t\t\t<div class=\"elementor-widget-container\">\n\t\t\t\t\t\t\t\t\t\t\t\t\t\t\t<img decoding=\"async\" width=\"165\" height=\"216\" src=\"https:\/\/roirekrytering.se\/wp-content\/uploads\/2026\/02\/Skarmavbild-2024-05-31-kl.-09.48.40-e1770641188424.png\" class=\"attachment-large size-large wp-image-2673\" alt=\"\" \/>\t\t\t\t\t\t\t\t\t\t\t\t\t\t\t<\/div>\n\t\t\t\t<\/div>\n\t\t\t\t<\/div>\n\t\t\t\t<div class=\"elementor-element elementor-element-ec3d56c elementor-widget elementor-widget-text-editor\" data-id=\"ec3d56c\" data-element_type=\"widget\" data-widget_type=\"text-editor.default\">\n\t\t\t\t<div class=\"elementor-widget-container\">\n\t\t\t\t\t\t\t\t\t<p style=\"text-align: center;\"><strong><span style=\"color: #050404;\">Evenemanget \u00e4r kostnadsfritt, men deltagare betalar f\u00f6r sin lunch vid ankomst.<\/span><\/strong> <span style=\"color: #77747a;\"><br \/>Uteblivet deltagande debiteras med 895 kr<\/span><\/p><p style=\"text-align: center;\"><span style=\"color: #050404;\"><strong>Funderingar? Kontakta oss!<\/strong><\/span> <span style=\"color: #77747a;\"><br \/>Mail:<\/span> <a href=\"mailto:hrforum@roirekrytering.se\">hrforum@roirekrytering.se<\/a><\/p>\t\t\t\t\t\t\t\t<\/div>\n\t\t\t\t<\/div>\n\t\t\t\t<div class=\"elementor-element elementor-element-69e6068 elementor-align-center elementor-widget elementor-widget-button\" data-id=\"69e6068\" data-element_type=\"widget\" id=\"signup_button\" data-widget_type=\"button.default\">\n\t\t\t\t<div class=\"elementor-widget-container\">\n\t\t\t\t\t\t\t\t\t<div class=\"elementor-button-wrapper\">\n\t\t\t\t\t<a class=\"elementor-button elementor-button-link elementor-size-sm\" href=\"https:\/\/roirekrytering.se\/hrforum-anmalan#anmalan\">\n\t\t\t\t\t\t<span class=\"elementor-button-content-wrapper\">\n\t\t\t\t\t\t\t\t\t<span class=\"elementor-button-text\">G\u00e5 till anm\u00e4lan<\/span>\n\t\t\t\t\t<\/span>\n\t\t\t\t\t<\/a>\n\t\t\t\t<\/div>\n\t\t\t\t\t\t\t\t<\/div>\n\t\t\t\t<\/div>\n\t\t\t\t<\/div>\n\t\t\t\t<\/div>\n\t\t<div class=\"has_eae_slider elementor-element elementor-element-00e10c6 e-flex e-con-boxed e-con e-parent\" data-id=\"00e10c6\" data-element_type=\"container\" data-settings=\"{&quot;background_background&quot;:&quot;classic&quot;}\">\n\t\t\t\t\t<div class=\"e-con-inner\">\n\t\t<div class=\"has_eae_slider elementor-element elementor-element-eaed17f e-con-full e-flex e-con e-child\" data-id=\"eaed17f\" data-element_type=\"container\">\n\t\t\t\t<div class=\"elementor-element elementor-element-57a33d7 elementor-widget elementor-widget-heading\" data-id=\"57a33d7\" data-element_type=\"widget\" data-widget_type=\"heading.default\">\n\t\t\t\t<div class=\"elementor-widget-container\">\n\t\t\t\t\t<h2 class=\"elementor-heading-title elementor-size-default\">HRFORUM<\/h2>\t\t\t\t<\/div>\n\t\t\t\t<\/div>\n\t\t\t\t<div class=\"elementor-element elementor-element-b482128 elementor-widget elementor-widget-heading\" data-id=\"b482128\" data-element_type=\"widget\" data-widget_type=\"heading.default\">\n\t\t\t\t<div class=\"elementor-widget-container\">\n\t\t\t\t\t<h3 class=\"elementor-heading-title elementor-size-default\">Forumet f\u00f6r dig inom HR<\/h3>\t\t\t\t<\/div>\n\t\t\t\t<\/div>\n\t\t\t\t<div class=\"elementor-element elementor-element-c0c5bee elementor-widget elementor-widget-text-editor\" data-id=\"c0c5bee\" data-element_type=\"widget\" data-widget_type=\"text-editor.default\">\n\t\t\t\t<div class=\"elementor-widget-container\">\n\t\t\t\t\t\t\t\t\t<p>HRFORUM \u00e4r ett etablerat n\u00e4tverk f\u00f6r HR-chefer och specialister inom HR i s\u00f6dra Sverige, som funnits i \u00f6ver 10 \u00e5r. Vi tr\u00e4ffas en g\u00e5ng per kvartal f\u00f6r att dra nytta av externa f\u00f6rel\u00e4sare med expertis och sakkunskap inom omr\u00e5den som p\u00e5verkar v\u00e5r vardag och den roll vi har som HR. Forumet \u00e4r ett slutet n\u00e4tverk och v\u00e4nder sig uteslutande till HR, vilket skapar ett tryggt forum f\u00f6r diskussion och kunskapsdelning.<\/p>\t\t\t\t\t\t\t\t<\/div>\n\t\t\t\t<\/div>\n\t\t\t\t<\/div>\n\t\t<div class=\"has_eae_slider elementor-element elementor-element-18cecca e-con-full e-flex e-con e-child\" data-id=\"18cecca\" data-element_type=\"container\">\n\t\t\t\t<div class=\"elementor-element elementor-element-4460bc9 elementor-widget elementor-widget-heading\" data-id=\"4460bc9\" data-element_type=\"widget\" data-widget_type=\"heading.default\">\n\t\t\t\t<div class=\"elementor-widget-container\">\n\t\t\t\t\t<h2 class=\"elementor-heading-title elementor-size-default\">HRFORUM arrangeras av ROI<\/h2>\t\t\t\t<\/div>\n\t\t\t\t<\/div>\n\t\t\t\t<div class=\"elementor-element elementor-element-6644739 elementor-widget elementor-widget-text-editor\" data-id=\"6644739\" data-element_type=\"widget\" data-widget_type=\"text-editor.default\">\n\t\t\t\t<div class=\"elementor-widget-container\">\n\t\t\t\t\t\t\t\t\t<p data-start=\"98\" data-end=\"586\">Vi \u00e4r specialister p\u00e5 att hitta ledare och nyckelpersoner inom teknik, f\u00f6rs\u00e4ljning, ekonomi, HR, marknad och flera ingenj\u00f6rsdiscipliner, och som medarbetar\u00e4gt bolag \u00e4r vi djupt engagerade i varje uppdrag vi tar oss an.<\/p>\n<p>Vi arbetar l\u00e5ngsiktigt f\u00f6r att vara din p\u00e5litliga partner inom rekrytering.<\/p>\n<p>Vi s\u00e4kerst\u00e4ller att varje rekrytering blir en bra investering &#8211; en bra ROI helt enkelt.<\/p>\t\t\t\t\t\t\t\t<\/div>\n\t\t\t\t<\/div>\n\t\t\t\t<\/div>\n\t\t\t\t\t<\/div>\n\t\t\t\t<\/div>\n\t\t<div class=\"has_eae_slider elementor-element elementor-element-23c9883 e-flex e-con-boxed e-con e-parent\" data-id=\"23c9883\" data-element_type=\"container\" data-settings=\"{&quot;background_background&quot;:&quot;gradient&quot;}\">\n\t\t\t\t\t<div class=\"e-con-inner\">\n\t\t\t\t<div class=\"elementor-element elementor-element-76b0d56 elementor-widget-mobile__width-inherit elementor-widget elementor-widget-text-editor\" data-id=\"76b0d56\" data-element_type=\"widget\" data-widget_type=\"text-editor.default\">\n\t\t\t\t<div class=\"elementor-widget-container\">\n\t\t\t\t\t\t\t\t\t<p style=\"text-align: left;\" data-pm-slice=\"1 1 []\">Vill du veta hur Roi Rekrytering hanterar dina personuppgifter?<\/p><p data-pm-slice=\"1 1 []\"><a href=\"\/privacy-policy\/\">L\u00e4s mer h\u00e4r<\/a><\/p>\t\t\t\t\t\t\t\t<\/div>\n\t\t\t\t<\/div>\n\t\t\t\t\t<\/div>\n\t\t\t\t<\/div>\n\t\t\t\t<\/div>\n\t\t","protected":false},"excerpt":{"rendered":"<p>Johan Book &#8211; Fr\u00e5n strategiskt beslut till uppn\u00e5dd effekt &#8211; fr\u00e5n snack till verkstad! V\u00e4lkommen till MJ\u2019s den 1:a oktober &#8211; s\u00e4kra din plats redan idag! N\u00e4r tempot i omv\u00e4rlden \u00f6kar och kraven skiftar snabbare \u00e4n n\u00e5gonsin r\u00e4cker det inte l\u00e4ngre med v\u00e4lformulerade strategier \u2013 det \u00e4r f\u00f6rm\u00e5gan att oms\u00e4tta dem i verklig handling som [&hellip;]<\/p>\n","protected":false},"author":5,"featured_media":0,"parent":0,"menu_order":0,"comment_status":"closed","ping_status":"closed","template":"","meta":{"footnotes":""},"class_list":["post-2669","page","type-page","status-publish","hentry"],"_links":{"self":[{"href":"https:\/\/roirekrytering.se\/en\/wp-json\/wp\/v2\/pages\/2669","targetHints":{"allow":["GET"]}}],"collection":[{"href":"https:\/\/roirekrytering.se\/en\/wp-json\/wp\/v2\/pages"}],"about":[{"href":"https:\/\/roirekrytering.se\/en\/wp-json\/wp\/v2\/types\/page"}],"author":[{"embeddable":true,"href":"https:\/\/roirekrytering.se\/en\/wp-json\/wp\/v2\/users\/5"}],"replies":[{"embeddable":true,"href":"https:\/\/roirekrytering.se\/en\/wp-json\/wp\/v2\/comments?post=2669"}],"version-history":[{"count":0,"href":"https:\/\/roirekrytering.se\/en\/wp-json\/wp\/v2\/pages\/2669\/revisions"}],"wp:attachment":[{"href":"https:\/\/roirekrytering.se\/en\/wp-json\/wp\/v2\/media?parent=2669"}],"curies":[{"name":"wp","href":"https:\/\/api.w.org\/{rel}","templated":true}]}}